{"id":6370,"date":"2024-06-04T18:29:14","date_gmt":"2024-06-04T16:29:14","guid":{"rendered":"https:\/\/spwyzne.lapszenizne.pl\/?page_id=6370"},"modified":"2024-06-10T22:10:59","modified_gmt":"2024-06-10T20:10:59","slug":"standardy-ochrony-maloletnich","status":"publish","type":"page","link":"https:\/\/spwyzne.lapszenizne.pl\/?page_id=6370","title":{"rendered":"Standardy Ochrony Ma\u0142oletnich"},"content":{"rendered":"<p style=\"text-align: center;\"><span style=\"font-size: 16px;\"><strong><span style=\"font-size: 20px;\">Standardy ochrony dzieci przed krzywdzeniem<br \/>\n<\/span> to zbi\u00f3r zasad, kt\u00f3re pomagaj\u0105 tworzy\u0107 bezpieczne i przyjazne \u015brodowisko<br \/>\nw szko\u0142ach, przedszkolach i innych plac\u00f3wkach dzia\u0142aj\u0105cych na rzecz dzieci.<\/strong><\/span><\/p>\n<p>W plac\u00f3wce, kt\u00f3ra spe\u0142nia standardy ochrony dzieci:<\/p>\n<ul>\n<li>nie pracuj\u0105 osoby mog\u0105ce zagra\u017ca\u0107 bezpiecze\u0144stwu dziecka,<\/li>\n<li style=\"text-align: justify;\">wszyscy pracownicy wiedz\u0105, jak rozpoznawa\u0107 symptomy krzywdzenia dziecka oraz jak podejmowa\u0107 interwencj\u0119 w przypadku podejrzenia, \u017ce dziecko jest ofiar\u0105 przemocy &#8211; w plac\u00f3wce lub w rodzinie,<\/li>\n<li style=\"text-align: justify;\">wszystkie dzieci dowiaduj\u0105 si\u0119, jak unika\u0107 zagro\u017ce\u0144 w kontaktach z doros\u0142ymi i r\u00f3wie\u015bnikami &#8211; w realnym \u015bwiecie oraz w internecie,<\/li>\n<li>wszystkie dzieci maj\u0105 sta\u0142y dost\u0119p do informacji, gdzie szuka\u0107 pomocy w trudnych sytuacjach \u017cyciowych,<\/li>\n<li>rodzice dowiaduj\u0105 si\u0119, jak wychowywa\u0107 dziecko bez przemocy i uczy\u0107 je zasad bezpiecze\u0144stwa.<\/li>\n<\/ul>\n<p>W szkole Podstawowej im. B\u0142ogos\u0142awionego Jana Paw\u0142a II w \u0141apszach Wy\u017cnych wdra\u017cane s\u0105 standardy ochrony dzieci zamieszczone poni\u017cej.<\/p>\n<p><span style=\"font-size: 24px;\"><a href=\"https:\/\/spwyzne.lapszenizne.pl\/wp-content\/uploads\/2024\/06\/Polityka-Ochrony-Dzieci-1.pdf\">Polityka Ochrony Dzieci<\/a><\/span><\/p>\n<p><span style=\"font-size: 24px;\"><a href=\"https:\/\/spwyzne.lapszenizne.pl\/wp-content\/uploads\/2024\/06\/Zarzadzenie-Dyrektora-Szkoly.pdf\">Zarz\u0105dzenie Dyrektora Szko\u0142y<\/a><\/span><\/p>\n<p><span style=\"font-size: 24px;\"><a href=\"https:\/\/spwyzne.lapszenizne.pl\/wp-content\/uploads\/2024\/06\/Standardy-dla-przedszkola.pdf\">Standardy dla przedszkola<\/a><\/span><\/p>\n<p>&nbsp;<\/p>\n","protected":false},"excerpt":{"rendered":"<p>Standardy ochrony dzieci przed krzywdzeniem to zbi\u00f3r zasad, kt\u00f3re pomagaj\u0105 tworzy\u0107 bezpieczne i przyjazne \u015brodowisko w szko\u0142ach, przedszkolach i innych plac\u00f3wkach dzia\u0142aj\u0105cych na rzecz dzieci. W plac\u00f3wce, kt\u00f3ra spe\u0142nia standardy ochrony dzieci: nie pracuj\u0105 osoby mog\u0105ce zagra\u017ca\u0107 bezpiecze\u0144stwu dziecka, wszyscy pracownicy wiedz\u0105, jak rozpoznawa\u0107 symptomy krzywdzenia dziecka oraz jak podejmowa\u0107 &hellip;<\/p>\n","protected":false},"author":2,"featured_media":0,"parent":0,"menu_order":0,"comment_status":"closed","ping_status":"closed","template":"","meta":{"footnotes":""},"class_list":["post-6370","page","type-page","status-publish","hentry"],"yoast_head":"<!-- This site is optimized with the Yoast SEO plugin v27.6 - https:\/\/yoast.com\/product\/yoast-seo-wordpress\/ -->\n<title>Standardy Ochrony Ma\u0142oletnich - Szko\u0142a Podstawowa im. B\u0142ogos\u0142awionego Jana Paw\u0142a II w \u0141apszach Wy\u017cnych<\/title>\n<meta name=\"robots\" content=\"index, follow, max-snippet:-1, max-image-preview:large, max-video-preview:-1\" \/>\n<link rel=\"canonical\" href=\"https:\/\/spwyzne.lapszenizne.pl\/?page_id=6370\" \/>\n<meta property=\"og:locale\" content=\"pl_PL\" \/>\n<meta property=\"og:type\" content=\"article\" \/>\n<meta property=\"og:title\" content=\"Standardy Ochrony Ma\u0142oletnich - Szko\u0142a Podstawowa im. B\u0142ogos\u0142awionego Jana Paw\u0142a II w \u0141apszach Wy\u017cnych\" \/>\n<meta property=\"og:description\" content=\"Standardy ochrony dzieci przed krzywdzeniem to zbi\u00f3r zasad, kt\u00f3re pomagaj\u0105 tworzy\u0107 bezpieczne i przyjazne \u015brodowisko w szko\u0142ach, przedszkolach i innych plac\u00f3wkach dzia\u0142aj\u0105cych na rzecz dzieci. W plac\u00f3wce, kt\u00f3ra spe\u0142nia standardy ochrony dzieci: nie pracuj\u0105 osoby mog\u0105ce zagra\u017ca\u0107 bezpiecze\u0144stwu dziecka, wszyscy pracownicy wiedz\u0105, jak rozpoznawa\u0107 symptomy krzywdzenia dziecka oraz jak podejmowa\u0107 &hellip;\" \/>\n<meta property=\"og:url\" content=\"https:\/\/spwyzne.lapszenizne.pl\/?page_id=6370\" \/>\n<meta property=\"og:site_name\" content=\"Szko\u0142a Podstawowa im. B\u0142ogos\u0142awionego Jana Paw\u0142a II w \u0141apszach Wy\u017cnych\" \/>\n<meta property=\"article:modified_time\" content=\"2024-06-10T20:10:59+00:00\" \/>\n<meta name=\"twitter:card\" content=\"summary_large_image\" \/>\n<meta name=\"twitter:label1\" content=\"Szacowany czas czytania\" \/>\n\t<meta name=\"twitter:data1\" content=\"1 minuta\" \/>\n<script type=\"application\/ld+json\" class=\"yoast-schema-graph\">{\"@context\":\"https:\\\/\\\/schema.org\",\"@graph\":[{\"@type\":\"WebPage\",\"@id\":\"https:\\\/\\\/spwyzne.lapszenizne.pl\\\/?page_id=6370\",\"url\":\"https:\\\/\\\/spwyzne.lapszenizne.pl\\\/?page_id=6370\",\"name\":\"Standardy Ochrony Ma\u0142oletnich - Szko\u0142a Podstawowa im. B\u0142ogos\u0142awionego Jana Paw\u0142a II w \u0141apszach Wy\u017cnych\",\"isPartOf\":{\"@id\":\"https:\\\/\\\/spwyzne.lapszenizne.pl\\\/#website\"},\"datePublished\":\"2024-06-04T16:29:14+00:00\",\"dateModified\":\"2024-06-10T20:10:59+00:00\",\"breadcrumb\":{\"@id\":\"https:\\\/\\\/spwyzne.lapszenizne.pl\\\/?page_id=6370#breadcrumb\"},\"inLanguage\":\"pl-PL\",\"potentialAction\":[{\"@type\":\"ReadAction\",\"target\":[\"https:\\\/\\\/spwyzne.lapszenizne.pl\\\/?page_id=6370\"]}]},{\"@type\":\"BreadcrumbList\",\"@id\":\"https:\\\/\\\/spwyzne.lapszenizne.pl\\\/?page_id=6370#breadcrumb\",\"itemListElement\":[{\"@type\":\"ListItem\",\"position\":1,\"name\":\"Strona g\u0142\u00f3wna\",\"item\":\"https:\\\/\\\/spwyzne.lapszenizne.pl\\\/\"},{\"@type\":\"ListItem\",\"position\":2,\"name\":\"Standardy Ochrony Ma\u0142oletnich\"}]},{\"@type\":\"WebSite\",\"@id\":\"https:\\\/\\\/spwyzne.lapszenizne.pl\\\/#website\",\"url\":\"https:\\\/\\\/spwyzne.lapszenizne.pl\\\/\",\"name\":\"Szko\u0142a Podstawowa im. B\u0142ogos\u0142awionego Jana Paw\u0142a II w \u0141apszach Wy\u017cnych\",\"description\":\"\",\"potentialAction\":[{\"@type\":\"SearchAction\",\"target\":{\"@type\":\"EntryPoint\",\"urlTemplate\":\"https:\\\/\\\/spwyzne.lapszenizne.pl\\\/?s={search_term_string}\"},\"query-input\":{\"@type\":\"PropertyValueSpecification\",\"valueRequired\":true,\"valueName\":\"search_term_string\"}}],\"inLanguage\":\"pl-PL\"}]}<\/script>\n<!-- \/ Yoast SEO plugin. -->","yoast_head_json":{"title":"Standardy Ochrony Ma\u0142oletnich - Szko\u0142a Podstawowa im. B\u0142ogos\u0142awionego Jana Paw\u0142a II w \u0141apszach Wy\u017cnych","robots":{"index":"index","follow":"follow","max-snippet":"max-snippet:-1","max-image-preview":"max-image-preview:large","max-video-preview":"max-video-preview:-1"},"canonical":"https:\/\/spwyzne.lapszenizne.pl\/?page_id=6370","og_locale":"pl_PL","og_type":"article","og_title":"Standardy Ochrony Ma\u0142oletnich - Szko\u0142a Podstawowa im. B\u0142ogos\u0142awionego Jana Paw\u0142a II w \u0141apszach Wy\u017cnych","og_description":"Standardy ochrony dzieci przed krzywdzeniem to zbi\u00f3r zasad, kt\u00f3re pomagaj\u0105 tworzy\u0107 bezpieczne i przyjazne \u015brodowisko w szko\u0142ach, przedszkolach i innych plac\u00f3wkach dzia\u0142aj\u0105cych na rzecz dzieci. W plac\u00f3wce, kt\u00f3ra spe\u0142nia standardy ochrony dzieci: nie pracuj\u0105 osoby mog\u0105ce zagra\u017ca\u0107 bezpiecze\u0144stwu dziecka, wszyscy pracownicy wiedz\u0105, jak rozpoznawa\u0107 symptomy krzywdzenia dziecka oraz jak podejmowa\u0107 &hellip;","og_url":"https:\/\/spwyzne.lapszenizne.pl\/?page_id=6370","og_site_name":"Szko\u0142a Podstawowa im. B\u0142ogos\u0142awionego Jana Paw\u0142a II w \u0141apszach Wy\u017cnych","article_modified_time":"2024-06-10T20:10:59+00:00","twitter_card":"summary_large_image","twitter_misc":{"Szacowany czas czytania":"1 minuta"},"schema":{"@context":"https:\/\/schema.org","@graph":[{"@type":"WebPage","@id":"https:\/\/spwyzne.lapszenizne.pl\/?page_id=6370","url":"https:\/\/spwyzne.lapszenizne.pl\/?page_id=6370","name":"Standardy Ochrony Ma\u0142oletnich - Szko\u0142a Podstawowa im. B\u0142ogos\u0142awionego Jana Paw\u0142a II w \u0141apszach Wy\u017cnych","isPartOf":{"@id":"https:\/\/spwyzne.lapszenizne.pl\/#website"},"datePublished":"2024-06-04T16:29:14+00:00","dateModified":"2024-06-10T20:10:59+00:00","breadcrumb":{"@id":"https:\/\/spwyzne.lapszenizne.pl\/?page_id=6370#breadcrumb"},"inLanguage":"pl-PL","potentialAction":[{"@type":"ReadAction","target":["https:\/\/spwyzne.lapszenizne.pl\/?page_id=6370"]}]},{"@type":"BreadcrumbList","@id":"https:\/\/spwyzne.lapszenizne.pl\/?page_id=6370#breadcrumb","itemListElement":[{"@type":"ListItem","position":1,"name":"Strona g\u0142\u00f3wna","item":"https:\/\/spwyzne.lapszenizne.pl\/"},{"@type":"ListItem","position":2,"name":"Standardy Ochrony Ma\u0142oletnich"}]},{"@type":"WebSite","@id":"https:\/\/spwyzne.lapszenizne.pl\/#website","url":"https:\/\/spwyzne.lapszenizne.pl\/","name":"Szko\u0142a Podstawowa im. B\u0142ogos\u0142awionego Jana Paw\u0142a II w \u0141apszach Wy\u017cnych","description":"","potentialAction":[{"@type":"SearchAction","target":{"@type":"EntryPoint","urlTemplate":"https:\/\/spwyzne.lapszenizne.pl\/?s={search_term_string}"},"query-input":{"@type":"PropertyValueSpecification","valueRequired":true,"valueName":"search_term_string"}}],"inLanguage":"pl-PL"}]}},"_links":{"self":[{"href":"https:\/\/spwyzne.lapszenizne.pl\/index.php?rest_route=\/wp\/v2\/pages\/6370","targetHints":{"allow":["GET"]}}],"collection":[{"href":"https:\/\/spwyzne.lapszenizne.pl\/index.php?rest_route=\/wp\/v2\/pages"}],"about":[{"href":"https:\/\/spwyzne.lapszenizne.pl\/index.php?rest_route=\/wp\/v2\/types\/page"}],"author":[{"embeddable":true,"href":"https:\/\/spwyzne.lapszenizne.pl\/index.php?rest_route=\/wp\/v2\/users\/2"}],"replies":[{"embeddable":true,"href":"https:\/\/spwyzne.lapszenizne.pl\/index.php?rest_route=%2Fwp%2Fv2%2Fcomments&post=6370"}],"version-history":[{"count":6,"href":"https:\/\/spwyzne.lapszenizne.pl\/index.php?rest_route=\/wp\/v2\/pages\/6370\/revisions"}],"predecessor-version":[{"id":6396,"href":"https:\/\/spwyzne.lapszenizne.pl\/index.php?rest_route=\/wp\/v2\/pages\/6370\/revisions\/6396"}],"wp:attachment":[{"href":"https:\/\/spwyzne.lapszenizne.pl\/index.php?rest_route=%2Fwp%2Fv2%2Fmedia&parent=6370"}],"curies":[{"name":"wp","href":"https:\/\/api.w.org\/{rel}","templated":true}]}}